{"id":71,"date":"2015-06-21T20:54:43","date_gmt":"2015-06-21T18:54:43","guid":{"rendered":"http:\/\/girlstrip.pl\/?page_id=71"},"modified":"2019-02-26T22:24:08","modified_gmt":"2019-02-26T21:24:08","slug":"nasze-wyjazdy-2","status":"publish","type":"page","link":"https:\/\/girlstrip.pl\/?page_id=71","title":{"rendered":"Nasze TRIPY"},"content":{"rendered":"<p>Od samego pocz\u0105tku Girls Trip mia\u0142o odbywa\u0107 si\u0119 raz do roku, na jesieni w czasie weekendu.<br>Po 2 latach okaza\u0142o si\u0119, \u017ce cz\u0119stotliwo\u015b\u0107 jaki i weekendowa d\u0142ugo\u015b\u0107 to dla nas za ma\u0142o \ud83d\ude42<\/p>\n<p>Zapraszamy do zapoznania sie z Naszymi podr\u00f3\u017cami.<\/p>\n<p><a href=\"https:\/\/girlstrip.pl\/?page_id=165\">Girls Trip 2013<\/a><br><a href=\"https:\/\/girlstrip.pl\/?page_id=154\"> Girls Trip 2014<\/a><br><a href=\"https:\/\/girlstrip.pl\/?page_id=314\"> Girls Trip 2015 Summer Edition <\/a><br><a href=\"https:\/\/girlstrip.pl\/?p=680\"> Girls Trip 2015 SE Dogrywka <\/a><br><a href=\"https:\/\/girlstrip.pl\/?p=680\">Girls Trip 2016<\/a><br><a href=\"https:\/\/girlstrip.pl\/?p=817\">Girls Trip 2017 &#8211; 12 K\u00f3\u0142 po 1 St\u00f3\u0142<\/a><\/p>\n\n\n\n<p><\/p>\n","protected":false},"excerpt":{"rendered":"<p>Od samego pocz\u0105tku Girls Trip mia\u0142o odbywa\u0107 si\u0119 raz do roku, na jesieni w czasie weekendu.Po 2 latach okaza\u0142o si\u0119, \u017ce cz\u0119stotliwo\u015b\u0107 jaki i weekendowa d\u0142ugo\u015b\u0107 to dla nas za ma\u0142o \ud83d\ude42 Zapraszamy do&#46;&#46;&#46;<\/p>\n","protected":false},"author":3,"featured_media":0,"parent":0,"menu_order":0,"comment_status":"open","ping_status":"closed","template":"","meta":{"footnotes":""},"class_list":["post-71","page","type-page","status-publish","hentry"],"_links":{"self":[{"href":"https:\/\/girlstrip.pl\/index.php?rest_route=\/wp\/v2\/pages\/71","targetHints":{"allow":["GET"]}}],"collection":[{"href":"https:\/\/girlstrip.pl\/index.php?rest_route=\/wp\/v2\/pages"}],"about":[{"href":"https:\/\/girlstrip.pl\/index.php?rest_route=\/wp\/v2\/types\/page"}],"author":[{"embeddable":true,"href":"https:\/\/girlstrip.pl\/index.php?rest_route=\/wp\/v2\/users\/3"}],"replies":[{"embeddable":true,"href":"https:\/\/girlstrip.pl\/index.php?rest_route=%2Fwp%2Fv2%2Fcomments&post=71"}],"version-history":[{"count":9,"href":"https:\/\/girlstrip.pl\/index.php?rest_route=\/wp\/v2\/pages\/71\/revisions"}],"predecessor-version":[{"id":935,"href":"https:\/\/girlstrip.pl\/index.php?rest_route=\/wp\/v2\/pages\/71\/revisions\/935"}],"wp:attachment":[{"href":"https:\/\/girlstrip.pl\/index.php?rest_route=%2Fwp%2Fv2%2Fmedia&parent=71"}],"curies":[{"name":"wp","href":"https:\/\/api.w.org\/{rel}","templated":true}]}}