{"id":65,"date":"2015-06-21T20:48:52","date_gmt":"2015-06-21T18:48:52","guid":{"rendered":"http:\/\/girlstrip.pl\/?page_id=65"},"modified":"2015-07-03T18:12:40","modified_gmt":"2015-07-03T16:12:40","slug":"poznaj-nas","status":"publish","type":"page","link":"https:\/\/girlstrip.pl\/?page_id=65","title":{"rendered":"Historia GT"},"content":{"rendered":"<p>GT to inaczej Girls Trip, czyli my &#8211; dziewczyny, dla kt\u00f3rych podr\u00f3\u017cowanie motocyklem to spos\u00f3b na fajne sp\u0119dzanie czasu \ud83d\ude42<br \/>\nPomys\u0142 \u201ebabskich wypraw\u201d przyszed\u0142 mi do g\u0142owy po jednym z motocyklowych wyjazd\u00f3w. Wtedy po raz pierwszy pomy\u015bla\u0142am, \u017ceby spr\u00f3bowa\u0107 jazdy tylko i wy\u0142\u0105cznie w gronie samych dziewczyn. Mamy w ko\u0144cu podobne problemy, podobn\u0105 wag\u0119 i wzrost \ud83d\ude09 no i czasami zdecydowanie wi\u0119cej cierpliwo\u015bci ni\u017c m\u0119\u017cczy\u017ani \ud83d\ude09<br \/>\nZ perspektywy lat i przejechanych kilometr\u00f3w uwa\u017cam, \u017ce radzimy sobie r\u00f3wnie dobrze jak oni. Za ka\u017cdym razem, kiedy widz\u0119 na ulicy kolejn\u0105 motocyklistk\u0119, ciesz\u0119 si\u0119, \u017ce to co kiedy\u015b by\u0142o rzadkim widokiem, teraz staje si\u0119 norm\u0105.<br \/>\nPozna\u0142y\u015bmy si\u0119 w\u0142a\u015bciwie przez naszych m\u0119\u017c\u00f3w. Kilka lat p\u00f3\u017aniej, w 2013 roku postanowi\u0142y\u015bmy wybra\u0107 si\u0119 na weekend w Bieszczady. Wtedy nie wiele os\u00f3b wierzy\u0142o, \u017ce cokolwiek nam z tego wyjdzie. Wysz\u0142o i na dodatek zach\u0119ci\u0142o te\u017c inne dziewczyny do wzi\u0119cia udzia\u0142u w kolejnym wyje\u017adzie. W 2014 roku wyruszy\u0142y\u015bmy wi\u0119c na Mazury. Du\u017co przyg\u00f3d, du\u017co zabawy i ten nieschodz\u0105cy z twarzy u\u015bmiech przez ca\u0142y wyjazd i d\u0142ugo po nim \ud83d\ude00<br \/>\nMam nadzieje, \u017ce w przysz\u0142o\u015bci b\u0119dzie nas wi\u0119cej, \u017ce nasze wyjazdy b\u0119d\u0105 d\u0142u\u017csze i \u017ce co roku znajdziemy dla siebie chocia\u017c kilka dni, \u017ceby razem wyruszy\u0107 w kolejn\u0105 podr\u00f3\u017c motocyklem \ud83d\ude42<br \/>\nK8<\/p>\n","protected":false},"excerpt":{"rendered":"<p>GT to inaczej Girls Trip, czyli my &#8211; dziewczyny, dla kt\u00f3rych podr\u00f3\u017cowanie motocyklem to spos\u00f3b na fajne sp\u0119dzanie czasu \ud83d\ude42 Pomys\u0142 \u201ebabskich wypraw\u201d przyszed\u0142 mi do g\u0142owy po jednym z motocyklowych wyjazd\u00f3w. Wtedy po&#46;&#46;&#46;<\/p>\n","protected":false},"author":3,"featured_media":151,"parent":0,"menu_order":0,"comment_status":"open","ping_status":"closed","template":"","meta":{"footnotes":""},"class_list":["post-65","page","type-page","status-publish","has-post-thumbnail","hentry"],"_links":{"self":[{"href":"https:\/\/girlstrip.pl\/index.php?rest_route=\/wp\/v2\/pages\/65","targetHints":{"allow":["GET"]}}],"collection":[{"href":"https:\/\/girlstrip.pl\/index.php?rest_route=\/wp\/v2\/pages"}],"about":[{"href":"https:\/\/girlstrip.pl\/index.php?rest_route=\/wp\/v2\/types\/page"}],"author":[{"embeddable":true,"href":"https:\/\/girlstrip.pl\/index.php?rest_route=\/wp\/v2\/users\/3"}],"replies":[{"embeddable":true,"href":"https:\/\/girlstrip.pl\/index.php?rest_route=%2Fwp%2Fv2%2Fcomments&post=65"}],"version-history":[{"count":12,"href":"https:\/\/girlstrip.pl\/index.php?rest_route=\/wp\/v2\/pages\/65\/revisions"}],"predecessor-version":[{"id":259,"href":"https:\/\/girlstrip.pl\/index.php?rest_route=\/wp\/v2\/pages\/65\/revisions\/259"}],"wp:featuredmedia":[{"embeddable":true,"href":"https:\/\/girlstrip.pl\/index.php?rest_route=\/wp\/v2\/media\/151"}],"wp:attachment":[{"href":"https:\/\/girlstrip.pl\/index.php?rest_route=%2Fwp%2Fv2%2Fmedia&parent=65"}],"curies":[{"name":"wp","href":"https:\/\/api.w.org\/{rel}","templated":true}]}}