{"id":62,"date":"2015-06-21T20:46:54","date_gmt":"2015-06-21T18:46:54","guid":{"rendered":"http:\/\/girlstrip.pl\/?page_id=62"},"modified":"2019-03-11T14:42:08","modified_gmt":"2019-03-11T13:42:08","slug":"kontakt","status":"publish","type":"page","link":"https:\/\/girlstrip.pl\/?page_id=62","title":{"rendered":"Kontakt"},"content":{"rendered":"<p>Je\u017celi chcesz si\u0119 z nami skontaktowa\u0107,<\/p>\n<p>napisz maila na adres <a href=\"mailto:kontakt@girlstrip.pl\">kontakt[at]girlstrip.pl<\/a><\/p>\n","protected":false},"excerpt":{"rendered":"<p>Je\u017celi chcesz si\u0119 z nami skontaktowa\u0107, napisz maila na adres kontakt[at]girlstrip.pl<\/p>\n","protected":false},"author":3,"featured_media":0,"parent":0,"menu_order":0,"comment_status":"closed","ping_status":"closed","template":"","meta":{"footnotes":""},"class_list":["post-62","page","type-page","status-publish","hentry"],"_links":{"self":[{"href":"https:\/\/girlstrip.pl\/index.php?rest_route=\/wp\/v2\/pages\/62","targetHints":{"allow":["GET"]}}],"collection":[{"href":"https:\/\/girlstrip.pl\/index.php?rest_route=\/wp\/v2\/pages"}],"about":[{"href":"https:\/\/girlstrip.pl\/index.php?rest_route=\/wp\/v2\/types\/page"}],"author":[{"embeddable":true,"href":"https:\/\/girlstrip.pl\/index.php?rest_route=\/wp\/v2\/users\/3"}],"replies":[{"embeddable":true,"href":"https:\/\/girlstrip.pl\/index.php?rest_route=%2Fwp%2Fv2%2Fcomments&post=62"}],"version-history":[{"count":6,"href":"https:\/\/girlstrip.pl\/index.php?rest_route=\/wp\/v2\/pages\/62\/revisions"}],"predecessor-version":[{"id":955,"href":"https:\/\/girlstrip.pl\/index.php?rest_route=\/wp\/v2\/pages\/62\/revisions\/955"}],"wp:attachment":[{"href":"https:\/\/girlstrip.pl\/index.php?rest_route=%2Fwp%2Fv2%2Fmedia&parent=62"}],"curies":[{"name":"wp","href":"https:\/\/api.w.org\/{rel}","templated":true}]}}