{"id":495,"date":"2016-05-06T19:28:12","date_gmt":"2016-05-06T17:28:12","guid":{"rendered":"http:\/\/girlstrip.pl\/?page_id=495"},"modified":"2016-05-06T19:37:49","modified_gmt":"2016-05-06T17:37:49","slug":"asia","status":"publish","type":"page","link":"https:\/\/girlstrip.pl\/?page_id=495","title":{"rendered":"Asia"},"content":{"rendered":"<p>Mieszkam kolo Chojnic. Prawo jazdy mam od 09.2012 i wcze\u015bniej nie mia\u0142am \u017cadnego do\u015bwiadczenia z motocyklem. \u017ba\u0142uj\u0119 \u017ce tak p\u00f3\u017ano to si\u0119 sta\u0142o, ale lepiej p\u00f3\u017ano ni\u017c wcale.<br \/>\nMiesi\u0105c po mnie wypchn\u0119\u0142am m\u0119\u017ca na prawko i teraz razem sobie je\u017adzimy \ud83d\ude42<br \/>\nUwielbiam d\u0142u\u017csze przeja\u017cd\u017cki. Je\u017cd\u017c\u0119 na Kawasaki ER6F i tak mi dobrze.<br \/>\nJazda na motocyklu wzbudza przede mn\u0105 ogromny respekt. Bior\u0105c pod uwag\u0119 moje ma\u0142e do\u015bwiadczenie oraz brak strefy zgniotu staram si\u0119 zawsze zachowa\u0107 nale\u017cyt\u0105 ostro\u017cno\u015b\u0107, chocia\u017c i tak wiem ze nie wszystko ode mnie zale\u017cy. <\/p>\n","protected":false},"excerpt":{"rendered":"<p>Mieszkam kolo Chojnic. Prawo jazdy mam od 09.2012 i wcze\u015bniej nie mia\u0142am \u017cadnego do\u015bwiadczenia z motocyklem. \u017ba\u0142uj\u0119 \u017ce tak p\u00f3\u017ano to si\u0119 sta\u0142o, ale lepiej p\u00f3\u017ano ni\u017c wcale. Miesi\u0105c po mnie wypchn\u0119\u0142am m\u0119\u017ca na&#46;&#46;&#46;<\/p>\n","protected":false},"author":1,"featured_media":0,"parent":0,"menu_order":0,"comment_status":"closed","ping_status":"closed","template":"","meta":{"footnotes":""},"class_list":["post-495","page","type-page","status-publish","hentry"],"_links":{"self":[{"href":"https:\/\/girlstrip.pl\/index.php?rest_route=\/wp\/v2\/pages\/495","targetHints":{"allow":["GET"]}}],"collection":[{"href":"https:\/\/girlstrip.pl\/index.php?rest_route=\/wp\/v2\/pages"}],"about":[{"href":"https:\/\/girlstrip.pl\/index.php?rest_route=\/wp\/v2\/types\/page"}],"author":[{"embeddable":true,"href":"https:\/\/girlstrip.pl\/index.php?rest_route=\/wp\/v2\/users\/1"}],"replies":[{"embeddable":true,"href":"https:\/\/girlstrip.pl\/index.php?rest_route=%2Fwp%2Fv2%2Fcomments&post=495"}],"version-history":[{"count":3,"href":"https:\/\/girlstrip.pl\/index.php?rest_route=\/wp\/v2\/pages\/495\/revisions"}],"predecessor-version":[{"id":508,"href":"https:\/\/girlstrip.pl\/index.php?rest_route=\/wp\/v2\/pages\/495\/revisions\/508"}],"wp:attachment":[{"href":"https:\/\/girlstrip.pl\/index.php?rest_route=%2Fwp%2Fv2%2Fmedia&parent=495"}],"curies":[{"name":"wp","href":"https:\/\/api.w.org\/{rel}","templated":true}]}}