{"id":139,"date":"2015-06-22T11:56:50","date_gmt":"2015-06-22T09:56:50","guid":{"rendered":"http:\/\/girlstrip.pl\/?page_id=139"},"modified":"2016-05-06T20:25:57","modified_gmt":"2016-05-06T18:25:57","slug":"lidka","status":"publish","type":"page","link":"https:\/\/girlstrip.pl\/?page_id=139","title":{"rendered":"Lidka"},"content":{"rendered":"<p>Typowy Bli\u017aniak &#8211; nigdy nie mam sprecyzowanych plan\u00f3w na przysz\u0142o\u015b\u0107.<\/p>\n<p>Wszystko co si\u0119 dzieje jest na spontanie, najlepszy plan to jego brak.<\/p>\n<p>Literatura wsp\u00f3\u0142czesna, media, film, kino ambitne, teatr, problematyka spo\u0142eczno-polityczna to co\u015b, co zajmuje mi czas.<\/p>\n<p>Od jakiego\u015b czasu najwi\u0119kszymi poch\u0142aniaczami mojego czasu s\u0105 dwaj m\u0119\u017cczy\u017ani , bez kt\u00f3rych \u017cycie by\u0142o by nie do wyobra\u017cenia nudne.<\/p>\n<p>O marzeniach nigdy nie m\u00f3wi\u0119 &#8211; bo jak do tej pory wszystkie si\u0119 spe\u0142niaj\u0105 i oby tak dalej \ud83d\ude42<\/p>\n","protected":false},"excerpt":{"rendered":"<p>Typowy Bli\u017aniak &#8211; nigdy nie mam sprecyzowanych plan\u00f3w na przysz\u0142o\u015b\u0107. Wszystko co si\u0119 dzieje jest na spontanie, najlepszy plan to jego brak. Literatura wsp\u00f3\u0142czesna, media, film, kino ambitne, teatr, problematyka spo\u0142eczno-polityczna to co\u015b, co&#46;&#46;&#46;<\/p>\n","protected":false},"author":3,"featured_media":250,"parent":0,"menu_order":0,"comment_status":"open","ping_status":"closed","template":"","meta":{"footnotes":""},"class_list":["post-139","page","type-page","status-publish","has-post-thumbnail","hentry"],"_links":{"self":[{"href":"https:\/\/girlstrip.pl\/index.php?rest_route=\/wp\/v2\/pages\/139","targetHints":{"allow":["GET"]}}],"collection":[{"href":"https:\/\/girlstrip.pl\/index.php?rest_route=\/wp\/v2\/pages"}],"about":[{"href":"https:\/\/girlstrip.pl\/index.php?rest_route=\/wp\/v2\/types\/page"}],"author":[{"embeddable":true,"href":"https:\/\/girlstrip.pl\/index.php?rest_route=\/wp\/v2\/users\/3"}],"replies":[{"embeddable":true,"href":"https:\/\/girlstrip.pl\/index.php?rest_route=%2Fwp%2Fv2%2Fcomments&post=139"}],"version-history":[{"count":1,"href":"https:\/\/girlstrip.pl\/index.php?rest_route=\/wp\/v2\/pages\/139\/revisions"}],"predecessor-version":[{"id":140,"href":"https:\/\/girlstrip.pl\/index.php?rest_route=\/wp\/v2\/pages\/139\/revisions\/140"}],"wp:featuredmedia":[{"embeddable":true,"href":"https:\/\/girlstrip.pl\/index.php?rest_route=\/wp\/v2\/media\/250"}],"wp:attachment":[{"href":"https:\/\/girlstrip.pl\/index.php?rest_route=%2Fwp%2Fv2%2Fmedia&parent=139"}],"curies":[{"name":"wp","href":"https:\/\/api.w.org\/{rel}","templated":true}]}}